{"id":21327,"date":"2022-02-01T11:10:57","date_gmt":"2022-02-01T10:10:57","guid":{"rendered":"https:\/\/www.vinitonello.com\/?post_type=product&#038;p=21327"},"modified":"2025-08-26T08:26:01","modified_gmt":"2025-08-26T06:26:01","slug":"sgambetto","status":"publish","type":"product","link":"https:\/\/www.vinitonello.com\/en\/product\/sgambetto\/","title":{"rendered":"Sgambetto"},"content":{"rendered":"<p><strong>UVE<\/strong><br \/>\n100% Merlot<\/p>\n<p><strong>DENOMINAZIONE<\/strong><br \/>\nMerlot I.G.T. Veneto<\/p>\n<p><strong>TIPOLOGIA<\/strong><br \/>\nVino Rosso Fermo Biologico<\/p>\n<p><strong>VENDEMMIA<\/strong><br \/>\nFine Settembre<\/p>\n<p><strong>TERRENO<\/strong><br \/>\nVulcanico sedimentazione alluvionale<\/p>\n<p><strong>FORMATO BOTTIGLIA<\/strong><br \/>\n750 ml<\/p>\n<p><strong>TEMPERATURA DI SERVIZIO<\/strong><br \/>\n18\u00b0C<\/p>\n<p><strong>GRADAZIONE ALCOLICA<\/strong><br \/>\n11,5 % vol.<\/p>\n","protected":false},"excerpt":{"rendered":"<p>Il Merlot di Cantina Tonello fa parte della linea &#8220;Quotidiani&#8221;, pensata per tutti i giorni e per tutte le stagioni: da accompagnare ai piatti della nostra quotidianit\u00e0. Vini che rispecchiano il territorio, il vitigno, la stagionalit\u00e0, le persone e la semplicit\u00e0.<\/p>\n<p><strong>ABBINAMENTI<\/strong><br \/>\nSi accompagna a molti piatti, anche se si esprime al meglio con carni rosse, salumi e formaggi stagionati<\/p>\n","protected":false},"featured_media":25003,"comment_status":"open","ping_status":"closed","template":"","meta":{"_themeisle_gutenberg_block_has_review":false},"product_brand":[],"product_cat":[410,418],"product_tag":[412,260,263],"class_list":{"0":"post-21327","1":"product","2":"type-product","3":"status-publish","4":"has-post-thumbnail","6":"product_cat-vini-biologici","7":"product_cat-vini-rossi","8":"product_tag-biologico","9":"product_tag-merlot","10":"product_tag-vino-rosso","12":"first","13":"instock","14":"shipping-taxable","15":"product-type-simple"},"yoast_head":"<!-- This site is optimized with the Yoast SEO plugin v27.3 - https:\/\/yoast.com\/product\/yoast-seo-wordpress\/ -->\n<title>Sgambetto - Vini Tonello<\/title>\n<meta name=\"description\" content=\"Merlot in purezza della Cantina Tonello di Montorso Vicentino (VI). Vino da accompagnare ai piatti della tradizione, carni rosse, salumi e formaggi.\" \/>\n<meta name=\"robots\" content=\"index, follow, max-snippet:-1, max-image-preview:large, max-video-preview:-1\" \/>\n<link rel=\"canonical\" href=\"https:\/\/www.vinitonello.com\/en\/product\/sgambetto\/\" \/>\n<meta property=\"og:locale\" content=\"en_US\" \/>\n<meta property=\"og:type\" content=\"article\" \/>\n<meta property=\"og:title\" content=\"Sgambetto - Vini Tonello\" \/>\n<meta property=\"og:description\" content=\"Merlot in purezza della Cantina Tonello di Montorso Vicentino (VI). Vino da accompagnare ai piatti della tradizione, carni rosse, salumi e formaggi.\" \/>\n<meta property=\"og:url\" content=\"https:\/\/www.vinitonello.com\/en\/product\/sgambetto\/\" \/>\n<meta property=\"og:site_name\" content=\"Vini Tonello\" \/>\n<meta property=\"article:modified_time\" content=\"2025-08-26T06:26:01+00:00\" \/>\n<meta property=\"og:image\" content=\"https:\/\/www.vinitonello.com\/wp-content\/uploads\/2025\/08\/trasperente_SGAMBETTO_small.png\" \/>\n\t<meta property=\"og:image:width\" content=\"1000\" \/>\n\t<meta property=\"og:image:height\" content=\"1000\" \/>\n\t<meta property=\"og:image:type\" content=\"image\/png\" \/>\n<meta name=\"twitter:card\" content=\"summary_large_image\" \/>\n<meta name=\"twitter:label1\" content=\"Est. reading time\" \/>\n\t<meta name=\"twitter:data1\" content=\"1 minute\" \/>\n<script type=\"application\/ld+json\" class=\"yoast-schema-graph\">{\"@context\":\"https:\\\/\\\/schema.org\",\"@graph\":[{\"@type\":\"WebPage\",\"@id\":\"https:\\\/\\\/www.vinitonello.com\\\/en\\\/product\\\/sgambetto\\\/\",\"url\":\"https:\\\/\\\/www.vinitonello.com\\\/en\\\/product\\\/sgambetto\\\/\",\"name\":\"Sgambetto - Vini Tonello\",\"isPartOf\":{\"@id\":\"https:\\\/\\\/www.vinitonello.com\\\/en\\\/#website\"},\"primaryImageOfPage\":{\"@id\":\"https:\\\/\\\/www.vinitonello.com\\\/en\\\/product\\\/sgambetto\\\/#primaryimage\"},\"image\":{\"@id\":\"https:\\\/\\\/www.vinitonello.com\\\/en\\\/product\\\/sgambetto\\\/#primaryimage\"},\"thumbnailUrl\":\"https:\\\/\\\/www.vinitonello.com\\\/wp-content\\\/uploads\\\/2025\\\/08\\\/trasperente_SGAMBETTO_small.png\",\"datePublished\":\"2022-02-01T10:10:57+00:00\",\"dateModified\":\"2025-08-26T06:26:01+00:00\",\"description\":\"Merlot in purezza della Cantina Tonello di Montorso Vicentino (VI). Vino da accompagnare ai piatti della tradizione, carni rosse, salumi e formaggi.\",\"breadcrumb\":{\"@id\":\"https:\\\/\\\/www.vinitonello.com\\\/en\\\/product\\\/sgambetto\\\/#breadcrumb\"},\"inLanguage\":\"en-US\",\"potentialAction\":[{\"@type\":\"ReadAction\",\"target\":[\"https:\\\/\\\/www.vinitonello.com\\\/en\\\/product\\\/sgambetto\\\/\"]}]},{\"@type\":\"ImageObject\",\"inLanguage\":\"en-US\",\"@id\":\"https:\\\/\\\/www.vinitonello.com\\\/en\\\/product\\\/sgambetto\\\/#primaryimage\",\"url\":\"https:\\\/\\\/www.vinitonello.com\\\/wp-content\\\/uploads\\\/2025\\\/08\\\/trasperente_SGAMBETTO_small.png\",\"contentUrl\":\"https:\\\/\\\/www.vinitonello.com\\\/wp-content\\\/uploads\\\/2025\\\/08\\\/trasperente_SGAMBETTO_small.png\",\"width\":1000,\"height\":1000},{\"@type\":\"BreadcrumbList\",\"@id\":\"https:\\\/\\\/www.vinitonello.com\\\/en\\\/product\\\/sgambetto\\\/#breadcrumb\",\"itemListElement\":[{\"@type\":\"ListItem\",\"position\":1,\"name\":\"Home\",\"item\":\"https:\\\/\\\/www.vinitonello.com\\\/en\\\/home-en\\\/\"},{\"@type\":\"ListItem\",\"position\":2,\"name\":\"Shop\",\"item\":\"https:\\\/\\\/www.vinitonello.com\\\/en\\\/shop\\\/\"},{\"@type\":\"ListItem\",\"position\":3,\"name\":\"Sgambetto\"}]},{\"@type\":\"WebSite\",\"@id\":\"https:\\\/\\\/www.vinitonello.com\\\/en\\\/#website\",\"url\":\"https:\\\/\\\/www.vinitonello.com\\\/en\\\/\",\"name\":\"Vini Tonello\",\"description\":\"sono una vignaiola vicentina\",\"publisher\":{\"@id\":\"https:\\\/\\\/www.vinitonello.com\\\/en\\\/#organization\"},\"potentialAction\":[{\"@type\":\"SearchAction\",\"target\":{\"@type\":\"EntryPoint\",\"urlTemplate\":\"https:\\\/\\\/www.vinitonello.com\\\/en\\\/?s={search_term_string}\"},\"query-input\":{\"@type\":\"PropertyValueSpecification\",\"valueRequired\":true,\"valueName\":\"search_term_string\"}}],\"inLanguage\":\"en-US\"},{\"@type\":\"Organization\",\"@id\":\"https:\\\/\\\/www.vinitonello.com\\\/en\\\/#organization\",\"name\":\"Vini Tonello\",\"url\":\"https:\\\/\\\/www.vinitonello.com\\\/en\\\/\",\"logo\":{\"@type\":\"ImageObject\",\"inLanguage\":\"en-US\",\"@id\":\"https:\\\/\\\/www.vinitonello.com\\\/en\\\/#\\\/schema\\\/logo\\\/image\\\/\",\"url\":\"https:\\\/\\\/www.vinitonello.com\\\/wp-content\\\/uploads\\\/2023\\\/05\\\/cropped-w-i-n-e-s.png\",\"contentUrl\":\"https:\\\/\\\/www.vinitonello.com\\\/wp-content\\\/uploads\\\/2023\\\/05\\\/cropped-w-i-n-e-s.png\",\"width\":500,\"height\":150,\"caption\":\"Vini Tonello\"},\"image\":{\"@id\":\"https:\\\/\\\/www.vinitonello.com\\\/en\\\/#\\\/schema\\\/logo\\\/image\\\/\"}}]}<\/script>\n<!-- \/ Yoast SEO plugin. -->","yoast_head_json":{"title":"Sgambetto - Vini Tonello","description":"Merlot in purezza della Cantina Tonello di Montorso Vicentino (VI). Vino da accompagnare ai piatti della tradizione, carni rosse, salumi e formaggi.","robots":{"index":"index","follow":"follow","max-snippet":"max-snippet:-1","max-image-preview":"max-image-preview:large","max-video-preview":"max-video-preview:-1"},"canonical":"https:\/\/www.vinitonello.com\/en\/product\/sgambetto\/","og_locale":"en_US","og_type":"article","og_title":"Sgambetto - Vini Tonello","og_description":"Merlot in purezza della Cantina Tonello di Montorso Vicentino (VI). Vino da accompagnare ai piatti della tradizione, carni rosse, salumi e formaggi.","og_url":"https:\/\/www.vinitonello.com\/en\/product\/sgambetto\/","og_site_name":"Vini Tonello","article_modified_time":"2025-08-26T06:26:01+00:00","og_image":[{"width":1000,"height":1000,"url":"https:\/\/www.vinitonello.com\/wp-content\/uploads\/2025\/08\/trasperente_SGAMBETTO_small.png","type":"image\/png"}],"twitter_card":"summary_large_image","twitter_misc":{"Est. reading time":"1 minute"},"schema":{"@context":"https:\/\/schema.org","@graph":[{"@type":"WebPage","@id":"https:\/\/www.vinitonello.com\/en\/product\/sgambetto\/","url":"https:\/\/www.vinitonello.com\/en\/product\/sgambetto\/","name":"Sgambetto - Vini Tonello","isPartOf":{"@id":"https:\/\/www.vinitonello.com\/en\/#website"},"primaryImageOfPage":{"@id":"https:\/\/www.vinitonello.com\/en\/product\/sgambetto\/#primaryimage"},"image":{"@id":"https:\/\/www.vinitonello.com\/en\/product\/sgambetto\/#primaryimage"},"thumbnailUrl":"https:\/\/www.vinitonello.com\/wp-content\/uploads\/2025\/08\/trasperente_SGAMBETTO_small.png","datePublished":"2022-02-01T10:10:57+00:00","dateModified":"2025-08-26T06:26:01+00:00","description":"Merlot in purezza della Cantina Tonello di Montorso Vicentino (VI). Vino da accompagnare ai piatti della tradizione, carni rosse, salumi e formaggi.","breadcrumb":{"@id":"https:\/\/www.vinitonello.com\/en\/product\/sgambetto\/#breadcrumb"},"inLanguage":"en-US","potentialAction":[{"@type":"ReadAction","target":["https:\/\/www.vinitonello.com\/en\/product\/sgambetto\/"]}]},{"@type":"ImageObject","inLanguage":"en-US","@id":"https:\/\/www.vinitonello.com\/en\/product\/sgambetto\/#primaryimage","url":"https:\/\/www.vinitonello.com\/wp-content\/uploads\/2025\/08\/trasperente_SGAMBETTO_small.png","contentUrl":"https:\/\/www.vinitonello.com\/wp-content\/uploads\/2025\/08\/trasperente_SGAMBETTO_small.png","width":1000,"height":1000},{"@type":"BreadcrumbList","@id":"https:\/\/www.vinitonello.com\/en\/product\/sgambetto\/#breadcrumb","itemListElement":[{"@type":"ListItem","position":1,"name":"Home","item":"https:\/\/www.vinitonello.com\/en\/home-en\/"},{"@type":"ListItem","position":2,"name":"Shop","item":"https:\/\/www.vinitonello.com\/en\/shop\/"},{"@type":"ListItem","position":3,"name":"Sgambetto"}]},{"@type":"WebSite","@id":"https:\/\/www.vinitonello.com\/en\/#website","url":"https:\/\/www.vinitonello.com\/en\/","name":"Vini Tonello","description":"sono una vignaiola vicentina","publisher":{"@id":"https:\/\/www.vinitonello.com\/en\/#organization"},"potentialAction":[{"@type":"SearchAction","target":{"@type":"EntryPoint","urlTemplate":"https:\/\/www.vinitonello.com\/en\/?s={search_term_string}"},"query-input":{"@type":"PropertyValueSpecification","valueRequired":true,"valueName":"search_term_string"}}],"inLanguage":"en-US"},{"@type":"Organization","@id":"https:\/\/www.vinitonello.com\/en\/#organization","name":"Vini Tonello","url":"https:\/\/www.vinitonello.com\/en\/","logo":{"@type":"ImageObject","inLanguage":"en-US","@id":"https:\/\/www.vinitonello.com\/en\/#\/schema\/logo\/image\/","url":"https:\/\/www.vinitonello.com\/wp-content\/uploads\/2023\/05\/cropped-w-i-n-e-s.png","contentUrl":"https:\/\/www.vinitonello.com\/wp-content\/uploads\/2023\/05\/cropped-w-i-n-e-s.png","width":500,"height":150,"caption":"Vini Tonello"},"image":{"@id":"https:\/\/www.vinitonello.com\/en\/#\/schema\/logo\/image\/"}}]}},"_links":{"self":[{"href":"https:\/\/www.vinitonello.com\/en\/wp-json\/wp\/v2\/product\/21327","targetHints":{"allow":["GET"]}}],"collection":[{"href":"https:\/\/www.vinitonello.com\/en\/wp-json\/wp\/v2\/product"}],"about":[{"href":"https:\/\/www.vinitonello.com\/en\/wp-json\/wp\/v2\/types\/product"}],"replies":[{"embeddable":true,"href":"https:\/\/www.vinitonello.com\/en\/wp-json\/wp\/v2\/comments?post=21327"}],"wp:featuredmedia":[{"embeddable":true,"href":"https:\/\/www.vinitonello.com\/en\/wp-json\/wp\/v2\/media\/25003"}],"wp:attachment":[{"href":"https:\/\/www.vinitonello.com\/en\/wp-json\/wp\/v2\/media?parent=21327"}],"wp:term":[{"taxonomy":"product_brand","embeddable":true,"href":"https:\/\/www.vinitonello.com\/en\/wp-json\/wp\/v2\/product_brand?post=21327"},{"taxonomy":"product_cat","embeddable":true,"href":"https:\/\/www.vinitonello.com\/en\/wp-json\/wp\/v2\/product_cat?post=21327"},{"taxonomy":"product_tag","embeddable":true,"href":"https:\/\/www.vinitonello.com\/en\/wp-json\/wp\/v2\/product_tag?post=21327"}],"curies":[{"name":"wp","href":"https:\/\/api.w.org\/{rel}","templated":true}]}}